{"id":12918,"date":"2025-10-24T11:29:00","date_gmt":"2025-10-24T11:29:00","guid":{"rendered":"https:\/\/www.visitezlesenegal.com\/?page_id=12918"},"modified":"2025-11-19T08:58:51","modified_gmt":"2025-11-19T08:58:51","slug":"smta-2","status":"publish","type":"page","link":"http:\/\/www.visitezlesenegal.com\/en\/smta-2\/","title":{"rendered":"SMTA"},"content":{"rendered":"<figure class=\"wp-block-image size-large\"><img fetchpriority=\"high\" decoding=\"async\" width=\"1024\" height=\"500\" src=\"https:\/\/www.visitezlesenegal.com\/wp-content\/uploads\/2025\/11\/smta-SM-1-1024x500.jpg\" alt=\"\" class=\"wp-image-13053\"\/><\/figure>\n\n\n\n<p>Dans le cadre de l\u2019Agenda National de Transformation S\u00e9n\u00e9gal 2050, il est pr\u00e9vu des actions phares dans l\u2019industrie touristique \u00e0 l\u2019image du salon du Tourisme du Littoral et de la Croisi\u00e8re&nbsp;<strong>(SATOLIC).<\/strong><\/p>\n\n\n\n<p>Dans le m\u00eame sillage, l\u2019Agence S\u00e9n\u00e9galaise de Promotion Touristique sous l\u2019\u00e9gide du Minist\u00e8re de la Culture de l&rsquo;Artisanat et du Tourisme organise la premi\u00e8re \u00e9dition du Salon des March\u00e9s Touristiques Africains&nbsp;<strong>(SMTA)<\/strong>.&nbsp;<\/p>\n\n\n\n<p>Cet \u00e9v\u00e8nement plac\u00e9 sur les concepts suivants : Tourisme, Culture, Artisanat d\u2019Arts et Transports A\u00e9riens se tiendra du&nbsp;<strong>08 au 11 d\u00e9cembre 2025&nbsp;<\/strong>\u00e0 l\u2019esplanade du Grand Th\u00e9\u00e2tre National de Dakar, point de mire des exposants venant du monde entier.<\/p>\n\n\n\n<p>Les deux premi\u00e8res journ\u00e9es seront r\u00e9serv\u00e9es aux professionnels du tourisme et les deux derni\u00e8res&nbsp; au Grand public \u00bb.<\/p>\n\n\n\n<p><\/p>\n\n\n\n<p>SMTA(Salon des March\u00e9s Touristiques Africains)<\/p>\n\n\n\n<div data-wp-interactive=\"\" class=\"wp-block-file\"><object data-wp-bind--hidden=\"!selectors.core.file.hasPdfPreview\" hidden class=\"wp-block-file__embed\" data=\"https:\/\/www.visitezlesenegal.com\/wp-content\/uploads\/2025\/11\/SMTA-INSCRIPTION-STAND-1-2.pdf\" type=\"application\/pdf\" style=\"width:100%;height:600px\" aria-label=\"Embed of SMTA-INSCRIPTION-STAND-1-2.\"><\/object><a id=\"wp-block-file--media-908531d7-ad05-4015-92ca-8287cf4bc10e\" href=\"https:\/\/www.visitezlesenegal.com\/wp-content\/uploads\/2025\/11\/SMTA-INSCRIPTION-STAND-1-2.pdf\">SMTA-INSCRIPTION-STAND-1-2<\/a><a href=\"https:\/\/www.visitezlesenegal.com\/wp-content\/uploads\/2025\/11\/SMTA-INSCRIPTION-STAND-1-2.pdf\" class=\"wp-block-file__button wp-element-button\" download aria-describedby=\"wp-block-file--media-908531d7-ad05-4015-92ca-8287cf4bc10e\">T\u00e9l\u00e9charger<\/a><\/div>\n\n\n\n<p><\/p>\n\n\n\n<p><\/p>\n\n\n\n<p><\/p>","protected":false},"excerpt":{"rendered":"<p>Dans le cadre de l\u2019Agenda National de Transformation S\u00e9n\u00e9gal 2050, il est pr\u00e9vu des actions phares dans l\u2019industrie touristique \u00e0 l\u2019image du salon du Tourisme du Littoral et de la Croisi\u00e8re&nbsp;(SATOLIC). Dans le m\u00eame sillage, l\u2019Agence S\u00e9n\u00e9galaise de Promotion Touristique sous l\u2019\u00e9gide du Minist\u00e8re de la Culture de l&rsquo;Artisanat et du Tourisme organise la premi\u00e8re [&hellip;]<\/p>","protected":false},"author":7,"featured_media":12850,"parent":0,"menu_order":0,"comment_status":"closed","ping_status":"closed","template":"","meta":{"om_disable_all_campaigns":false,"_monsterinsights_skip_tracking":false,"_monsterinsights_sitenote_active":false,"_monsterinsights_sitenote_note":"","_monsterinsights_sitenote_category":0,"footnotes":""},"aioseo_notices":[],"_links":{"self":[{"href":"http:\/\/www.visitezlesenegal.com\/en\/wp-json\/wp\/v2\/pages\/12918"}],"collection":[{"href":"http:\/\/www.visitezlesenegal.com\/en\/wp-json\/wp\/v2\/pages"}],"about":[{"href":"http:\/\/www.visitezlesenegal.com\/en\/wp-json\/wp\/v2\/types\/page"}],"author":[{"embeddable":true,"href":"http:\/\/www.visitezlesenegal.com\/en\/wp-json\/wp\/v2\/users\/7"}],"replies":[{"embeddable":true,"href":"http:\/\/www.visitezlesenegal.com\/en\/wp-json\/wp\/v2\/comments?post=12918"}],"version-history":[{"count":16,"href":"http:\/\/www.visitezlesenegal.com\/en\/wp-json\/wp\/v2\/pages\/12918\/revisions"}],"predecessor-version":[{"id":13054,"href":"http:\/\/www.visitezlesenegal.com\/en\/wp-json\/wp\/v2\/pages\/12918\/revisions\/13054"}],"wp:featuredmedia":[{"embeddable":true,"href":"http:\/\/www.visitezlesenegal.com\/en\/wp-json\/wp\/v2\/media\/12850"}],"wp:attachment":[{"href":"http:\/\/www.visitezlesenegal.com\/en\/wp-json\/wp\/v2\/media?parent=12918"}],"curies":[{"name":"wp","href":"https:\/\/api.w.org\/{rel}","templated":true}]}}