{"id":13091,"date":"2025-12-04T09:16:39","date_gmt":"2025-12-04T09:16:39","guid":{"rendered":"https:\/\/www.visitezlesenegal.com\/?page_id=13091"},"modified":"2025-12-04T09:16:44","modified_gmt":"2025-12-04T09:16:44","slug":"programme-smta","status":"publish","type":"page","link":"https:\/\/www.visitezlesenegal.com\/en\/programme-smta\/","title":{"rendered":"Programme SMTA"},"content":{"rendered":"<figure class=\"wp-block-gallery has-nested-images columns-default is-cropped wp-block-gallery-1 is-layout-flex wp-block-gallery-is-layout-flex\">\n<figure class=\"wp-block-image size-large\"><img fetchpriority=\"high\" decoding=\"async\" width=\"1024\" height=\"500\" data-id=\"13092\" src=\"https:\/\/www.visitezlesenegal.com\/wp-content\/uploads\/2025\/12\/smta-SM-1024x500.jpg\" alt=\"\" class=\"wp-image-13092\"\/><\/figure>\n<\/figure>\n\n\n\n<p>D\u00e9couvrez ce qui vous attend, jour apr\u00e8s jour.<\/p>\n\n\n\n<p><a><\/a>Parce qu\u2019un \u00e9v\u00e9nement n\u2019est pas seulement une date dans le calendrier, mais une exp\u00e9rience qui se vit, se partage et marque les esprits, nous avons con\u00e7u un programme riche, rythm\u00e9 et pens\u00e9 pour vous.<\/p>\n\n\n\n<p>Tables rondes, rencontres professionnelles, espaces de d\u00e9couvertes, d\u00e9monstrations, animations, networking\u2026 chaque moment a \u00e9t\u00e9 imagin\u00e9 pour informer, connecter et inspirer.<\/p>\n\n\n\n<p><a href=\"https:\/\/www.facebook.com\/hashtag\/smta2025?__eep__=6&__cft__[0]=AZVnkidev7hWTO7ViUgfVJjGm2Bv5qbiWYin1g-QlrXKPeqvnSB4mCs_3D3WKSV88u_Ev8nCba3bMzcbG1v6JtVSLmsNqF3b5HjFrfRK4upwoVBb_z2lYJs2GjG6eXvADo8V4Se9weDNz5gcaCmu8vasSTtXlcEHwTCvIPMRgREyGFteLvDGYaaJhhIRnKodNwk&__tn__=*NK-R\">#SMTA2025<\/a><a href=\"https:\/\/www.facebook.com\/hashtag\/destinations%C3%A9n%C3%A9gal?__eep__=6&__cft__[0]=AZVnkidev7hWTO7ViUgfVJjGm2Bv5qbiWYin1g-QlrXKPeqvnSB4mCs_3D3WKSV88u_Ev8nCba3bMzcbG1v6JtVSLmsNqF3b5HjFrfRK4upwoVBb_z2lYJs2GjG6eXvADo8V4Se9weDNz5gcaCmu8vasSTtXlcEHwTCvIPMRgREyGFteLvDGYaaJhhIRnKodNwk&__tn__=*NK-R\">#DestinationS\u00e9n\u00e9gal<\/a><a href=\"https:\/\/www.facebook.com\/hashtag\/artisanat?__eep__=6&__cft__[0]=AZVnkidev7hWTO7ViUgfVJjGm2Bv5qbiWYin1g-QlrXKPeqvnSB4mCs_3D3WKSV88u_Ev8nCba3bMzcbG1v6JtVSLmsNqF3b5HjFrfRK4upwoVBb_z2lYJs2GjG6eXvADo8V4Se9weDNz5gcaCmu8vasSTtXlcEHwTCvIPMRgREyGFteLvDGYaaJhhIRnKodNwk&__tn__=*NK-R\">#Artisanat<\/a><a href=\"https:\/\/www.facebook.com\/hashtag\/tourisme?__eep__=6&__cft__[0]=AZVnkidev7hWTO7ViUgfVJjGm2Bv5qbiWYin1g-QlrXKPeqvnSB4mCs_3D3WKSV88u_Ev8nCba3bMzcbG1v6JtVSLmsNqF3b5HjFrfRK4upwoVBb_z2lYJs2GjG6eXvADo8V4Se9weDNz5gcaCmu8vasSTtXlcEHwTCvIPMRgREyGFteLvDGYaaJhhIRnKodNwk&__tn__=*NK-R\">#Tourisme<\/a><a href=\"https:\/\/www.facebook.com\/hashtag\/culture?__eep__=6&__cft__[0]=AZVnkidev7hWTO7ViUgfVJjGm2Bv5qbiWYin1g-QlrXKPeqvnSB4mCs_3D3WKSV88u_Ev8nCba3bMzcbG1v6JtVSLmsNqF3b5HjFrfRK4upwoVBb_z2lYJs2GjG6eXvADo8V4Se9weDNz5gcaCmu8vasSTtXlcEHwTCvIPMRgREyGFteLvDGYaaJhhIRnKodNwk&__tn__=*NK-R\">#Culture<\/a><\/p>\n\n\n\n<figure class=\"wp-block-image size-large\"><img decoding=\"async\" width=\"1024\" height=\"1024\" src=\"https:\/\/www.visitezlesenegal.com\/wp-content\/uploads\/2025\/12\/Im1-1024x1024.jpg\" alt=\"\" class=\"wp-image-13093\" srcset=\"https:\/\/www.visitezlesenegal.com\/wp-content\/uploads\/2025\/12\/Im1-1024x1024.jpg 1024w, https:\/\/www.visitezlesenegal.com\/wp-content\/uploads\/2025\/12\/Im1-300x300.jpg 300w, https:\/\/www.visitezlesenegal.com\/wp-content\/uploads\/2025\/12\/Im1-150x150.jpg 150w, https:\/\/www.visitezlesenegal.com\/wp-content\/uploads\/2025\/12\/Im1-768x768.jpg 768w\" sizes=\"(max-width: 1024px) 100vw, 1024px\" \/><\/figure>\n\n\n\n<figure class=\"wp-block-image size-large\"><img decoding=\"async\" width=\"1024\" height=\"1024\" src=\"https:\/\/www.visitezlesenegal.com\/wp-content\/uploads\/2025\/12\/IM2-1024x1024.jpg\" alt=\"\" class=\"wp-image-13094\" srcset=\"https:\/\/www.visitezlesenegal.com\/wp-content\/uploads\/2025\/12\/IM2-1024x1024.jpg 1024w, https:\/\/www.visitezlesenegal.com\/wp-content\/uploads\/2025\/12\/IM2-300x300.jpg 300w, https:\/\/www.visitezlesenegal.com\/wp-content\/uploads\/2025\/12\/IM2-150x150.jpg 150w, https:\/\/www.visitezlesenegal.com\/wp-content\/uploads\/2025\/12\/IM2-768x768.jpg 768w\" sizes=\"(max-width: 1024px) 100vw, 1024px\" \/><\/figure>\n\n\n\n<figure class=\"wp-block-image size-large\"><img loading=\"lazy\" decoding=\"async\" width=\"1024\" height=\"1024\" src=\"https:\/\/www.visitezlesenegal.com\/wp-content\/uploads\/2025\/12\/IM3-1024x1024.jpg\" alt=\"\" class=\"wp-image-13095\" srcset=\"https:\/\/www.visitezlesenegal.com\/wp-content\/uploads\/2025\/12\/IM3-1024x1024.jpg 1024w, https:\/\/www.visitezlesenegal.com\/wp-content\/uploads\/2025\/12\/IM3-300x300.jpg 300w, https:\/\/www.visitezlesenegal.com\/wp-content\/uploads\/2025\/12\/IM3-150x150.jpg 150w, https:\/\/www.visitezlesenegal.com\/wp-content\/uploads\/2025\/12\/IM3-768x768.jpg 768w\" sizes=\"(max-width: 1024px) 100vw, 1024px\" \/><\/figure>\n\n\n\n<figure class=\"wp-block-image size-large\"><img loading=\"lazy\" decoding=\"async\" width=\"1024\" height=\"1024\" src=\"https:\/\/www.visitezlesenegal.com\/wp-content\/uploads\/2025\/12\/IM4-1024x1024.jpg\" alt=\"\" class=\"wp-image-13096\" srcset=\"https:\/\/www.visitezlesenegal.com\/wp-content\/uploads\/2025\/12\/IM4-1024x1024.jpg 1024w, https:\/\/www.visitezlesenegal.com\/wp-content\/uploads\/2025\/12\/IM4-300x300.jpg 300w, https:\/\/www.visitezlesenegal.com\/wp-content\/uploads\/2025\/12\/IM4-150x150.jpg 150w, https:\/\/www.visitezlesenegal.com\/wp-content\/uploads\/2025\/12\/IM4-768x768.jpg 768w\" sizes=\"(max-width: 1024px) 100vw, 1024px\" \/><\/figure>\n\n\n\n<figure class=\"wp-block-image size-large\"><img loading=\"lazy\" decoding=\"async\" width=\"1024\" height=\"1024\" src=\"https:\/\/www.visitezlesenegal.com\/wp-content\/uploads\/2025\/12\/IM5-1-1024x1024.jpg\" alt=\"\" class=\"wp-image-13098\" srcset=\"https:\/\/www.visitezlesenegal.com\/wp-content\/uploads\/2025\/12\/IM5-1-1024x1024.jpg 1024w, https:\/\/www.visitezlesenegal.com\/wp-content\/uploads\/2025\/12\/IM5-1-300x300.jpg 300w, https:\/\/www.visitezlesenegal.com\/wp-content\/uploads\/2025\/12\/IM5-1-150x150.jpg 150w, https:\/\/www.visitezlesenegal.com\/wp-content\/uploads\/2025\/12\/IM5-1-768x768.jpg 768w\" sizes=\"(max-width: 1024px) 100vw, 1024px\" \/><\/figure>\n\n\n\n<figure class=\"wp-block-image size-large\"><img loading=\"lazy\" decoding=\"async\" width=\"1024\" height=\"1024\" src=\"https:\/\/www.visitezlesenegal.com\/wp-content\/uploads\/2025\/12\/IM6-1024x1024.jpg\" alt=\"\" class=\"wp-image-13099\" srcset=\"https:\/\/www.visitezlesenegal.com\/wp-content\/uploads\/2025\/12\/IM6-1024x1024.jpg 1024w, https:\/\/www.visitezlesenegal.com\/wp-content\/uploads\/2025\/12\/IM6-300x300.jpg 300w, https:\/\/www.visitezlesenegal.com\/wp-content\/uploads\/2025\/12\/IM6-150x150.jpg 150w, https:\/\/www.visitezlesenegal.com\/wp-content\/uploads\/2025\/12\/IM6-768x768.jpg 768w\" sizes=\"(max-width: 1024px) 100vw, 1024px\" \/><\/figure>","protected":false},"excerpt":{"rendered":"<p>D\u00e9couvrez ce qui vous attend, jour apr\u00e8s jour. Parce qu\u2019un \u00e9v\u00e9nement n\u2019est pas seulement une date dans le calendrier, mais une exp\u00e9rience qui se vit, se partage et marque les esprits, nous avons con\u00e7u un programme riche, rythm\u00e9 et pens\u00e9 pour vous. Tables rondes, rencontres professionnelles, espaces de d\u00e9couvertes, d\u00e9monstrations, animations, networking\u2026 chaque moment a [&hellip;]<\/p>","protected":false},"author":7,"featured_media":0,"parent":0,"menu_order":0,"comment_status":"closed","ping_status":"closed","template":"","meta":{"om_disable_all_campaigns":false,"_monsterinsights_skip_tracking":false,"_monsterinsights_sitenote_active":false,"_monsterinsights_sitenote_note":"","_monsterinsights_sitenote_category":0,"footnotes":""},"aioseo_notices":[],"_links":{"self":[{"href":"https:\/\/www.visitezlesenegal.com\/en\/wp-json\/wp\/v2\/pages\/13091"}],"collection":[{"href":"https:\/\/www.visitezlesenegal.com\/en\/wp-json\/wp\/v2\/pages"}],"about":[{"href":"https:\/\/www.visitezlesenegal.com\/en\/wp-json\/wp\/v2\/types\/page"}],"author":[{"embeddable":true,"href":"https:\/\/www.visitezlesenegal.com\/en\/wp-json\/wp\/v2\/users\/7"}],"replies":[{"embeddable":true,"href":"https:\/\/www.visitezlesenegal.com\/en\/wp-json\/wp\/v2\/comments?post=13091"}],"version-history":[{"count":1,"href":"https:\/\/www.visitezlesenegal.com\/en\/wp-json\/wp\/v2\/pages\/13091\/revisions"}],"predecessor-version":[{"id":13102,"href":"https:\/\/www.visitezlesenegal.com\/en\/wp-json\/wp\/v2\/pages\/13091\/revisions\/13102"}],"wp:attachment":[{"href":"https:\/\/www.visitezlesenegal.com\/en\/wp-json\/wp\/v2\/media?parent=13091"}],"curies":[{"name":"wp","href":"https:\/\/api.w.org\/{rel}","templated":true}]}}